{"id":361,"date":"2021-03-14T20:56:59","date_gmt":"2021-03-14T17:56:59","guid":{"rendered":"https:\/\/www.antalya-uyum.com.tr\/?page_id=361"},"modified":"2021-04-08T20:15:29","modified_gmt":"2021-04-08T17:15:29","slug":"moto-shop-5","status":"publish","type":"page","link":"https:\/\/www.antalya-uyum.com.tr\/?page_id=361","title":{"rendered":"YEM\u0130NL\u0130 MAL\u0130 M\u00dc\u015eAV\u0130RL\u0130K"},"content":{"rendered":"<p>[vc_row css_animation=&#8221;&#8221; row_type=&#8221;row&#8221; use_row_as_full_screen_section=&#8221;no&#8221; type=&#8221;full_width&#8221; angled_section=&#8221;no&#8221; text_align=&#8221;left&#8221; background_image_as_pattern=&#8221;without_pattern&#8221;][vc_column][vc_empty_space height=&#8221;16px&#8221;][\/vc_column][\/vc_row][vc_row css_animation=&#8221;&#8221; row_type=&#8221;row&#8221; use_row_as_full_screen_section=&#8221;no&#8221; type=&#8221;grid&#8221; angled_section=&#8221;no&#8221; text_align=&#8221;left&#8221; background_image_as_pattern=&#8221;without_pattern&#8221; css=&#8221;.vc_custom_1467717643633{padding-top: 3% !important;padding-bottom: 8.1% !important;}&#8221;][vc_column css_animation=&#8221;fadeInRight&#8221; width=&#8221;1\/2&#8243;][vc_single_image image=&#8221;331&#8243; img_size=&#8221;large&#8221; qode_css_animation=&#8221;&#8221;][\/vc_column][vc_column css_animation=&#8221;fadeInLeft&#8221; width=&#8221;1\/2&#8243;][vc_column_text]<\/p>\n<h1 style=\"text-align: center;\">YEM\u0130NL\u0130 MAL\u0130 M\u00dc\u015eAV\u0130RL\u0130K, VERG\u0130 DANI\u015eMANLI\u011eI, TASD\u0130K, B\u0130L\u0130RK\u0130\u015e\u0130L\u0130K VE KONKORDATO KOM\u0130SERL\u0130\u011e\u0130<\/h1>\n<p>[\/vc_column_text][vc_empty_space][vc_column_text]<\/p>\n<p style=\"text-align: justify;\"><span style=\"color: #ff0000;\"><strong>\u2666<\/strong> <\/span>\u015eirketimiz, Yeminli Mali M\u00fc\u015favirlik \u015firketi olarak 3568 say\u0131l\u0131 yasa \u00e7er\u00e7evesinde m\u00fc\u015fterilerine a\u015fa\u011f\u0131daki hizmetleri sunmaktad\u0131r: Tam Tasdik Hizmeti : o Y\u0131ll\u0131k Kurumlar Vergisi beyannamesi ve eklerinin tasdiki, o Y\u0131ll\u0131k Gelir Vergisi beyannamesi ve eklerinin tasdiki, Y\u0131ll\u0131k Kurumlar veya Gelir vergisi beyannameleri ve eklerinin tasdiki \u00e7er\u00e7evesindeki sorumlulu\u011fumuz, firmaya ait defter, kay\u0131t ve belgelerin s\u00fcrekli olarak denetlenmesi suretiyle m\u00fcmk\u00fcn olabilmektedir. Bu nedenle, belli d\u00f6nemlerde i\u015fyerine deneyimli ve firman\u0131n i\u015flem hacmine uygun say\u0131da personel ile yap\u0131lan ziyaretler yoluyla denetimler ger\u00e7ekle\u015ftirilmekte, sorunlar\u0131n do\u011fmadan \u00f6nlenebilmesi ve uygulamalara \u00f6nceden y\u00f6n verilebilmesi amac\u0131yla s\u00f6zl\u00fc ve yaz\u0131l\u0131 \u00f6neriler haz\u0131rlanmaktad\u0131r. Ayr\u0131ca denetim \u00e7al\u0131\u015fmalar\u0131 s\u0131ras\u0131nda vergi planlama f\u0131rsatlar\u0131n\u0131n tespiti imk\u00e2n\u0131 do\u011fabilmekte ve bu f\u0131rsatlar \u015firket y\u00f6netiminin dikkatine sunulmaktad\u0131r.<\/p>\n<p style=\"text-align: justify;\"><span style=\"color: #ff0000;\"><strong>\u2666<\/strong> <\/span>Firman\u0131n y\u0131ll\u0131k ge\u00e7ici vergi ile gelir ve\/veya kurumlar vergisi beyannamelerinin haz\u0131rlanmas\u0131na yard\u0131mc\u0131 olunmaktad\u0131r.<\/p>\n<p style=\"text-align: justify;\"><span style=\"color: #ff0000;\"><strong>\u2666<\/strong> <\/span>Kurumlar ve gelir vergisi istisna ve muafiyetleri ile tasdik i\u015flemleri (Ar-Ge \u0130ndirimi Tasdik Raporu, Yat\u0131r\u0131m \u0130ndirimi Tasdik Raporu, gayrimenkul \/ i\u015ftirak sat\u0131\u015f kazanc\u0131 istisnas\u0131 Tasdik Raporu, v.b.g. Raporlar) yerine getirilmektedir.<\/p>\n<p style=\"text-align: justify;\"><span style=\"color: #ff0000;\"><strong>\u2666<\/strong> <\/span>KDV \u0130adesi Tasdik ve Raporlama \u0130\u015flemleri yerine getirilmektedir. \u2022 Vak\u0131flara Vergi Muafiyeti Tan\u0131nmas\u0131 ile \u0130lgili Tasdik \u0130\u015flemleri yap\u0131lmaktad\u0131r.<\/p>\n<p style=\"text-align: justify;\"><span style=\"color: #ff0000;\"><strong>\u2666<\/strong> <\/span>Sermayenin \u00f6dendi\u011finin tespiti i\u015flemleri yap\u0131lmaktad\u0131r.<\/p>\n<p style=\"text-align: justify;\"><span style=\"color: #ff0000;\"><strong>\u2666<\/strong> <\/span>\u0130\u00e7 kaynaklardan yap\u0131lacak sermaye art\u0131r\u0131mlar\u0131n\u0131n mevzuata uygunlu\u011funun tespiti i\u015flemleri yap\u0131lmaktad\u0131r.<\/p>\n<p style=\"text-align: justify;\"><span style=\"color: #ff0000;\"><strong>\u2666<\/strong> <\/span>Di\u011fer \u00f6zel ama\u00e7l\u0131 yeminli mali m\u00fc\u015favirlik tasdik \/ tespit raporlar\u0131 d\u00fczenlenmektedir.<\/p>\n<p style=\"text-align: justify;\"><span style=\"color: #ff0000;\"><strong>\u2666<\/strong> <\/span>\u00d6nceki d\u00f6nemlere ili\u015fkin Vergi Uygunluk Denetimleri yap\u0131lmaktad\u0131r.<\/p>\n<p style=\"text-align: justify;\"><span style=\"color: #ff0000;\"><strong>\u2666 <\/strong><\/span>Yeniden yap\u0131land\u0131rma hizmetleri (Devir, Birle\u015fme ve B\u00f6l\u00fcnme, \u015eirket S\u00f6zle\u015fmesi d\u00fczenleme ve tescil) hizmetleri ba\u015ftan sona yerine getirilmektedir.<\/p>\n<p style=\"text-align: justify;\"><span style=\"color: #ff0000;\"><strong>\u2666<\/strong> <\/span>Ayr\u0131ca bilirki\u015filik ve konkordato komiserli\u011fi faaliyetlerinde de bulunulmaktad\u0131r.<\/p>\n<p>[\/vc_column_text][\/vc_column][\/vc_row]<\/p>\n","protected":false},"excerpt":{"rendered":"<p>[vc_row css_animation=&#8221;&#8221; row_type=&#8221;row&#8221; use_row_as_full_screen_section=&#8221;no&#8221; type=&#8221;full_width&#8221; angled_section=&#8221;no&#8221; text_align=&#8221;left&#8221; background_image_as_pattern=&#8221;without_pattern&#8221;][vc_column][vc_empty_space height=&#8221;16px&#8221;][\/vc_column][\/vc_row][vc_row css_animation=&#8221;&#8221; row_type=&#8221;row&#8221; use_row_as_full_screen_section=&#8221;no&#8221; type=&#8221;grid&#8221; angled_section=&#8221;no&#8221; text_align=&#8221;left&#8221; background_image_as_pattern=&#8221;without_pattern&#8221; css=&#8221;.vc_custom_1467717643633{padding-top: 3% !important;padding-bottom: 8.1% !important;}&#8221;][vc_column css_animation=&#8221;fadeInRight&#8221; width=&#8221;1\/2&#8243;][vc_single_image image=&#8221;331&#8243; img_size=&#8221;large&#8221; qode_css_animation=&#8221;&#8221;][\/vc_column][vc_column css_animation=&#8221;fadeInLeft&#8221; width=&#8221;1\/2&#8243;][vc_column_text] YEM\u0130NL\u0130 MAL\u0130 M\u00dc\u015eAV\u0130RL\u0130K, VERG\u0130 DANI\u015eMANLI\u011eI, TASD\u0130K, B\u0130L\u0130RK\u0130\u015e\u0130L\u0130K VE KONKORDATO KOM\u0130SERL\u0130\u011e\u0130 [\/vc_column_text][vc_empty_space][vc_column_text] \u2666 \u015eirketimiz, Yeminli Mali M\u00fc\u015favirlik \u015firketi&#8230;<\/p>\n","protected":false},"author":2,"featured_media":0,"parent":0,"menu_order":0,"comment_status":"closed","ping_status":"closed","template":"full_width.php","meta":{"footnotes":""},"class_list":["post-361","page","type-page","status-publish","hentry"],"_links":{"self":[{"href":"https:\/\/www.antalya-uyum.com.tr\/index.php?rest_route=\/wp\/v2\/pages\/361","targetHints":{"allow":["GET"]}}],"collection":[{"href":"https:\/\/www.antalya-uyum.com.tr\/index.php?rest_route=\/wp\/v2\/pages"}],"about":[{"href":"https:\/\/www.antalya-uyum.com.tr\/index.php?rest_route=\/wp\/v2\/types\/page"}],"author":[{"embeddable":true,"href":"https:\/\/www.antalya-uyum.com.tr\/index.php?rest_route=\/wp\/v2\/users\/2"}],"replies":[{"embeddable":true,"href":"https:\/\/www.antalya-uyum.com.tr\/index.php?rest_route=%2Fwp%2Fv2%2Fcomments&post=361"}],"version-history":[{"count":8,"href":"https:\/\/www.antalya-uyum.com.tr\/index.php?rest_route=\/wp\/v2\/pages\/361\/revisions"}],"predecessor-version":[{"id":577,"href":"https:\/\/www.antalya-uyum.com.tr\/index.php?rest_route=\/wp\/v2\/pages\/361\/revisions\/577"}],"wp:attachment":[{"href":"https:\/\/www.antalya-uyum.com.tr\/index.php?rest_route=%2Fwp%2Fv2%2Fmedia&parent=361"}],"curies":[{"name":"wp","href":"https:\/\/api.w.org\/{rel}","templated":true}]}}