{"id":377,"date":"2021-03-14T21:20:12","date_gmt":"2021-03-14T18:20:12","guid":{"rendered":"https:\/\/www.antalya-uyum.com.tr\/?page_id=377"},"modified":"2021-04-08T20:13:36","modified_gmt":"2021-04-08T17:13:36","slug":"vergi","status":"publish","type":"page","link":"https:\/\/www.antalya-uyum.com.tr\/?page_id=377","title":{"rendered":"VERG\u0130 UYU\u015eMAZLIKLARI"},"content":{"rendered":"<p>[vc_row css_animation=&#8221;&#8221; row_type=&#8221;row&#8221; use_row_as_full_screen_section=&#8221;no&#8221; type=&#8221;full_width&#8221; angled_section=&#8221;no&#8221; text_align=&#8221;left&#8221; background_image_as_pattern=&#8221;without_pattern&#8221;][vc_column][vc_empty_space height=&#8221;16px&#8221;][\/vc_column][\/vc_row][vc_row css_animation=&#8221;&#8221; row_type=&#8221;row&#8221; use_row_as_full_screen_section=&#8221;no&#8221; type=&#8221;grid&#8221; angled_section=&#8221;no&#8221; text_align=&#8221;left&#8221; background_image_as_pattern=&#8221;without_pattern&#8221; css=&#8221;.vc_custom_1467717643633{padding-top: 3% !important;padding-bottom: 8.1% !important;}&#8221;][vc_column css_animation=&#8221;fadeInRight&#8221; width=&#8221;1\/2&#8243;][vc_single_image image=&#8221;340&#8243; img_size=&#8221;large&#8221; qode_css_animation=&#8221;&#8221;][\/vc_column][vc_column css_animation=&#8221;fadeInLeft&#8221; width=&#8221;1\/2&#8243;][vc_column_text]<\/p>\n<h1 style=\"text-align: center;\">VERG\u0130 UYU\u015eMAZLIKLARI<\/h1>\n<p>[\/vc_column_text][vc_empty_space][vc_column_text]<\/p>\n<p style=\"text-align: justify;\"><span style=\"color: #ff0000;\"><strong>\u2666<\/strong> <\/span>M\u00fc\u015fterilerimizin vergi incelemesine al\u0131nmalar\u0131 halinde ; inceleme a\u015famas\u0131nda ilgili vergi inceleme eleman\u0131na defter &#8211; belge ibraz\u0131n\u0131n, takiben sorular\u0131n\u0131n cevapland\u0131r\u0131lmas\u0131n\u0131n ve vergi inceleme tutana\u011f\u0131n\u0131n d\u00fczenlemesinin ve vergi incelemesinin ilgili kanuni h\u00fck\u00fcmler \u00e7er\u00e7evesinde ve m\u00fckellefi her hangi bir hak kayb\u0131na u\u011fratmadan sonu\u00e7lanmas\u0131 temin edecek \u015fekilde ve titizlikle takibi ve bu konuda m\u00fckellefe gerekli her t\u00fcrl\u00fc deste\u011fin verilmesi.<\/p>\n<p style=\"text-align: justify;\"><span style=\"color: #ff0000;\"><strong>\u2666<\/strong> <\/span>M\u00fc\u015fterilerimize vergi sal\u0131naca\u011f\u0131n\u0131n ve sal\u0131nd\u0131\u011f\u0131n\u0131n anla\u015f\u0131lmas\u0131 durumunda, Tarhiyat \u00d6ncesi ve \/ veya Tarhiyat Sonras\u0131 Uzla\u015fma ba\u015fvurular\u0131n\u0131n kanuni s\u00fcrede ve m\u00fckellef lehine en uygun s\u00fcrede ilgili mercie yap\u0131lmas\u0131, takibi, m\u00fckellef ad\u0131na uzla\u015fma toplant\u0131s\u0131na i\u015ftirak edilmesi, tarhiyat\u0131n durumuna g\u00f6re uzla\u015f\u0131lmas\u0131 veya uzla\u015f\u0131lmayarak konunun vergi mahkemesine ta\u015f\u0131nmas\u0131n\u0131n sa\u011flanmas\u0131,<\/p>\n<p style=\"text-align: justify;\"><span style=\"color: #ff0000;\"><strong>\u2666<\/strong> <\/span>Vergi mahkemesine dava a\u00e7\u0131lmas\u0131n\u0131n gerekmesi durumunda ; dava dilek\u00e7elerinin, eklerinin ve m\u00fckellef lehine olan di\u011fer dava arg\u00fcmanlar\u0131n haz\u0131rlanarak m\u00fckellef ad\u0131na vergi mahkemesinde dava a\u00e7\u0131lmas\u0131n\u0131n sa\u011flanmas\u0131, davan\u0131n takibi, gerekti\u011finde, temyiz ve tashihi karar ba\u015fvurular\u0131n\u0131n da ayn\u0131 \u015fekilde yap\u0131lmas\u0131, gerekti\u011finde yarg\u0131laman\u0131n \u201cDuru\u015fmal\u0131 Yap\u0131lmas\u0131n\u0131n\u201d talep edilmesi, duru\u015fmalarda, teknik a\u00e7\u0131klamalarda bulunulmas\u0131 i\u00e7in, yeminli mali m\u00fc\u015favirin dinlenmesinin talep edilmesi, dinlenmede gerekli teknik a\u00e7\u0131klamalar i\u00e7in t\u00fcm a\u00e7\u0131klamalar\u0131n yaz\u0131l\u0131 bir metin halinde mahkemesi sunulmas\u0131,<\/p>\n<p>[\/vc_column_text][\/vc_column][\/vc_row]<\/p>\n","protected":false},"excerpt":{"rendered":"<p>[vc_row css_animation=&#8221;&#8221; row_type=&#8221;row&#8221; use_row_as_full_screen_section=&#8221;no&#8221; type=&#8221;full_width&#8221; angled_section=&#8221;no&#8221; text_align=&#8221;left&#8221; background_image_as_pattern=&#8221;without_pattern&#8221;][vc_column][vc_empty_space height=&#8221;16px&#8221;][\/vc_column][\/vc_row][vc_row css_animation=&#8221;&#8221; row_type=&#8221;row&#8221; use_row_as_full_screen_section=&#8221;no&#8221; type=&#8221;grid&#8221; angled_section=&#8221;no&#8221; text_align=&#8221;left&#8221; background_image_as_pattern=&#8221;without_pattern&#8221; css=&#8221;.vc_custom_1467717643633{padding-top: 3% !important;padding-bottom: 8.1% !important;}&#8221;][vc_column css_animation=&#8221;fadeInRight&#8221; width=&#8221;1\/2&#8243;][vc_single_image image=&#8221;340&#8243; img_size=&#8221;large&#8221; qode_css_animation=&#8221;&#8221;][\/vc_column][vc_column css_animation=&#8221;fadeInLeft&#8221; width=&#8221;1\/2&#8243;][vc_column_text] VERG\u0130 UYU\u015eMAZLIKLARI [\/vc_column_text][vc_empty_space][vc_column_text] \u2666 M\u00fc\u015fterilerimizin vergi incelemesine al\u0131nmalar\u0131 halinde ; inceleme a\u015famas\u0131nda ilgili vergi inceleme eleman\u0131na defter&#8230;<\/p>\n","protected":false},"author":2,"featured_media":0,"parent":0,"menu_order":0,"comment_status":"closed","ping_status":"closed","template":"full_width.php","meta":{"footnotes":""},"class_list":["post-377","page","type-page","status-publish","hentry"],"_links":{"self":[{"href":"https:\/\/www.antalya-uyum.com.tr\/index.php?rest_route=\/wp\/v2\/pages\/377","targetHints":{"allow":["GET"]}}],"collection":[{"href":"https:\/\/www.antalya-uyum.com.tr\/index.php?rest_route=\/wp\/v2\/pages"}],"about":[{"href":"https:\/\/www.antalya-uyum.com.tr\/index.php?rest_route=\/wp\/v2\/types\/page"}],"author":[{"embeddable":true,"href":"https:\/\/www.antalya-uyum.com.tr\/index.php?rest_route=\/wp\/v2\/users\/2"}],"replies":[{"embeddable":true,"href":"https:\/\/www.antalya-uyum.com.tr\/index.php?rest_route=%2Fwp%2Fv2%2Fcomments&post=377"}],"version-history":[{"count":4,"href":"https:\/\/www.antalya-uyum.com.tr\/index.php?rest_route=\/wp\/v2\/pages\/377\/revisions"}],"predecessor-version":[{"id":576,"href":"https:\/\/www.antalya-uyum.com.tr\/index.php?rest_route=\/wp\/v2\/pages\/377\/revisions\/576"}],"wp:attachment":[{"href":"https:\/\/www.antalya-uyum.com.tr\/index.php?rest_route=%2Fwp%2Fv2%2Fmedia&parent=377"}],"curies":[{"name":"wp","href":"https:\/\/api.w.org\/{rel}","templated":true}]}}