{"id":591,"date":"2021-04-14T22:26:12","date_gmt":"2021-04-14T19:26:12","guid":{"rendered":"https:\/\/www.antalya-uyum.com.tr\/?page_id=591"},"modified":"2022-04-18T15:08:36","modified_gmt":"2022-04-18T12:08:36","slug":"ana-sayfa","status":"publish","type":"page","link":"https:\/\/www.antalya-uyum.com.tr\/","title":{"rendered":"Ana Sayfa"},"content":{"rendered":"<p>[vc_row css_animation=&#8221;element_from_left&#8221; row_type=&#8221;row&#8221; use_row_as_full_screen_section=&#8221;no&#8221; type=&#8221;grid&#8221; angled_section=&#8221;no&#8221; text_align=&#8221;left&#8221; background_image_as_pattern=&#8221;without_pattern&#8221; css=&#8221;.vc_custom_1615829443594{padding-top: 4.4% !important;padding-bottom: 7.1% !important;}&#8221; z_index=&#8221;&#8221;][vc_column][qode_elements_holder number_of_columns=&#8221;two_columns&#8221;][qode_elements_holder_item vertical_alignment=&#8221;middle&#8221; advanced_animations=&#8221;no&#8221; item_padding=&#8221;11% 0% 0% 0%&#8221; item_padding_1024_1280=&#8221;12% 0% 0% 0%&#8221; item_padding_768_1024=&#8221;12% 0% 0% 0%&#8221; item_padding_600_768=&#8221;4% 0% 0% 0%&#8221; item_padding_480_600=&#8221;4% 0% 0% 0%&#8221; item_padding_480=&#8221;4% 0% 0% 0%&#8221;][vc_column_text]<\/p>\n<h2>YEM\u0130NL\u0130 MAL\u0130 M\u00dc\u015eAV\u0130RL\u0130K, VERG\u0130 DANI\u015eMANLI\u011eI, TASD\u0130K, B\u0130L\u0130RK\u0130\u015e\u0130L\u0130K VE KONKORDATO KOM\u0130SERL\u0130\u011e\u0130<\/h2>\n<div id=\"gtx-trans\" style=\"position: absolute; left: -33px; top: 52.25px;\">\n<div class=\"gtx-trans-icon\"><\/div>\n<\/div>\n<p>[\/vc_column_text][vc_empty_space height=&#8221;6px&#8221;][vc_column_text]<\/p>\n<p style=\"text-align: left;\"><span style=\"color: #ff0000;\"><strong>\u2666<\/strong> <\/span>\u015eirketimiz, Yeminli Mali M\u00fc\u015favirlik \u015firketi olarak 3568 say\u0131l\u0131 yasa \u00e7er\u00e7evesinde m\u00fc\u015fterilerine a\u015fa\u011f\u0131daki hizmetleri sunmaktad\u0131r: Tam Tasdik Hizmeti : o Y\u0131ll\u0131k Kurumlar Vergisi beyannamesi ve &#8230;.<\/p>\n<p>[\/vc_column_text][vc_empty_space height=&#8221;10px&#8221;][vc_column_text]<\/p>\n<h6><a href=\"https:\/\/www.antalya-uyum.com.tr\/?page_id=361\"><span style=\"color: #000080;\">Daha Fazla &#8230;..<\/span><\/a><\/h6>\n<div id=\"gtx-trans\" style=\"position: absolute; left: -13px; top: -1.69792px;\">\n<div class=\"gtx-trans-icon\"><\/div>\n<\/div>\n<p>[\/vc_column_text][\/qode_elements_holder_item][qode_elements_holder_item advanced_animations=&#8221;no&#8221;][vc_single_image image=&#8221;331&#8243; img_size=&#8221;full&#8221; alignment=&#8221;right&#8221; qode_css_animation=&#8221;&#8221;][\/qode_elements_holder_item][\/qode_elements_holder][\/vc_column][\/vc_row][vc_row css_animation=&#8221;element_from_right&#8221; row_type=&#8221;row&#8221; use_row_as_full_screen_section=&#8221;no&#8221; type=&#8221;grid&#8221; angled_section=&#8221;no&#8221; text_align=&#8221;left&#8221; background_image_as_pattern=&#8221;without_pattern&#8221; css=&#8221;.vc_custom_1615829482329{padding-top: 4.4% !important;padding-bottom: 7.1% !important;}&#8221; z_index=&#8221;&#8221; background_color=&#8221;#eff5f5&#8243;][vc_column][qode_elements_holder number_of_columns=&#8221;two_columns&#8221;][qode_elements_holder_item advanced_animations=&#8221;no&#8221;][vc_single_image image=&#8221;340&#8243; img_size=&#8221;full&#8221; qode_css_animation=&#8221;&#8221;][\/qode_elements_holder_item][qode_elements_holder_item vertical_alignment=&#8221;middle&#8221; advanced_animations=&#8221;no&#8221; item_padding=&#8221;11% 0% 0% 0%&#8221; item_padding_1024_1280=&#8221;12% 0% 0% 0%&#8221; item_padding_768_1024=&#8221;12% 0% 0% 0%&#8221; item_padding_600_768=&#8221;4% 0% 0% 0%&#8221; item_padding_480_600=&#8221;4% 0% 0% 0%&#8221; item_padding_480=&#8221;4% 0% 0% 0%&#8221;][vc_column_text css=&#8221;.vc_custom_1617900119471{padding-left: 20px !important;}&#8221;]<\/p>\n<h2>VERG\u0130 UYU\u015eMAZLIKLARI<\/h2>\n<div id=\"gtx-trans\" style=\"position: absolute; left: -148px; top: -4.08333px;\">\n<div class=\"gtx-trans-icon\"><\/div>\n<\/div>\n<p>[\/vc_column_text][vc_empty_space height=&#8221;6px&#8221;][vc_column_text css=&#8221;.vc_custom_1617900099633{padding-left: 20px !important;}&#8221;]<\/p>\n<p style=\"text-align: left;\"><span style=\"color: #ff0000;\"><strong>\u2666<\/strong> <\/span>M\u00fc\u015fterilerimizin vergi incelemesine al\u0131nmalar\u0131 halinde ; inceleme a\u015famas\u0131nda ilgili vergi inceleme eleman\u0131na defter &#8211; belge ibraz\u0131n\u0131n, takiben sorular\u0131n\u0131n cevapland\u0131r\u0131lmas\u0131n\u0131n ve vergi inceleme tutana\u011f\u0131n\u0131n d\u00fczenlemesinin ve &#8230;.<\/p>\n<p>[\/vc_column_text][vc_empty_space height=&#8221;10px&#8221;][vc_column_text css=&#8221;.vc_custom_1650283660202{padding-left: 20px !important;}&#8221;]<\/p>\n<h6><span style=\"color: #000080;\"><a style=\"color: #000080;\" href=\"https:\/\/www.antalya-uyum.com.tr\/?page_id=377\">Daha Fazla &#8230;..<\/a><\/span><\/h6>\n<p>[\/vc_column_text][\/qode_elements_holder_item][\/qode_elements_holder][\/vc_column][\/vc_row][vc_row css_animation=&#8221;element_from_left&#8221; row_type=&#8221;row&#8221; use_row_as_full_screen_section=&#8221;no&#8221; type=&#8221;grid&#8221; angled_section=&#8221;no&#8221; text_align=&#8221;left&#8221; background_image_as_pattern=&#8221;without_pattern&#8221; css=&#8221;.vc_custom_1615829490649{padding-top: 4.4% !important;padding-bottom: 7.1% !important;}&#8221; z_index=&#8221;&#8221;][vc_column][qode_elements_holder number_of_columns=&#8221;two_columns&#8221;][qode_elements_holder_item vertical_alignment=&#8221;middle&#8221; advanced_animations=&#8221;no&#8221; item_padding=&#8221;11% 0% 0% 0%&#8221; item_padding_1024_1280=&#8221;12% 0% 0% 0%&#8221; item_padding_768_1024=&#8221;12% 0% 0% 0%&#8221; item_padding_600_768=&#8221;4% 0% 0% 0%&#8221; item_padding_480_600=&#8221;4% 0% 0% 0%&#8221; item_padding_480=&#8221;4% 0% 0% 0%&#8221;][vc_column_text]<\/p>\n<h2>VERG\u0130 DANI\u015eMANLI\u011eI<\/h2>\n<div id=\"gtx-trans\" style=\"position: absolute; left: -35px; top: 52.25px;\">\n<div class=\"gtx-trans-icon\"><\/div>\n<\/div>\n<p>[\/vc_column_text][vc_empty_space height=&#8221;6px&#8221;][vc_column_text]<\/p>\n<p style=\"text-align: left;\"><span style=\"color: #ff0000;\"><strong>\u2666<\/strong> <\/span>\u015eirketimizde ; Vergi, Yabanc\u0131 Sermaye, Sermaye Piyasas\u0131, Bankac\u0131l\u0131k, Finansal Kiralama, Factoring, Te\u015fvik ve Kambiyo mevzuatlar\u0131 ile \u00c7ifte Vergilendirmeyi \u00d6nleme Anla\u015fmalar\u0131, Ticaret Hukuku, \u0130\u015f Kanunu ve Sosyal G\u00fcvenlik Mevzuatlar\u0131 &#8230;.<\/p>\n<p>[\/vc_column_text][vc_empty_space height=&#8221;10px&#8221;][vc_column_text]<\/p>\n<h6><span style=\"color: #000080;\"><a style=\"color: #000080;\" href=\"https:\/\/www.antalya-uyum.com.tr\/?page_id=381\">Daha Fazla &#8230;..<\/a><\/span><\/h6>\n<p>[\/vc_column_text][\/qode_elements_holder_item][qode_elements_holder_item advanced_animations=&#8221;no&#8221;][vc_single_image image=&#8221;341&#8243; img_size=&#8221;full&#8221; qode_css_animation=&#8221;&#8221;][\/qode_elements_holder_item][\/qode_elements_holder][\/vc_column][\/vc_row][vc_row css_animation=&#8221;element_from_right&#8221; row_type=&#8221;row&#8221; use_row_as_full_screen_section=&#8221;no&#8221; type=&#8221;grid&#8221; angled_section=&#8221;no&#8221; text_align=&#8221;left&#8221; background_image_as_pattern=&#8221;without_pattern&#8221; css=&#8221;.vc_custom_1615829482329{padding-top: 4.4% !important;padding-bottom: 7.1% !important;}&#8221; z_index=&#8221;&#8221; background_color=&#8221;#eff5f5&#8243;][vc_column][qode_elements_holder number_of_columns=&#8221;two_columns&#8221;][qode_elements_holder_item advanced_animations=&#8221;no&#8221;][vc_single_image image=&#8221;342&#8243; img_size=&#8221;full&#8221; qode_css_animation=&#8221;&#8221;][\/qode_elements_holder_item][qode_elements_holder_item vertical_alignment=&#8221;middle&#8221; advanced_animations=&#8221;no&#8221; item_padding=&#8221;11% 0% 0% 0%&#8221; item_padding_1024_1280=&#8221;12% 0% 0% 0%&#8221; item_padding_768_1024=&#8221;12% 0% 0% 0%&#8221; item_padding_600_768=&#8221;4% 0% 0% 0%&#8221; item_padding_480_600=&#8221;4% 0% 0% 0%&#8221; item_padding_480=&#8221;4% 0% 0% 0%&#8221;][vc_column_text css=&#8221;.vc_custom_1617900685800{padding-left: 20px !important;}&#8221;]<\/p>\n<h2>BA\u011eIMSIZ DENET\u0130M<\/h2>\n<div id=\"gtx-trans\" style=\"position: absolute; left: -26px; top: -4.08333px;\">\n<div class=\"gtx-trans-icon\"><\/div>\n<\/div>\n<p>[\/vc_column_text][vc_empty_space height=&#8221;6px&#8221;][vc_column_text css=&#8221;.vc_custom_1617900772451{padding-left: 20px !important;}&#8221;]<\/p>\n<p style=\"text-align: left;\"><span style=\"color: #ff0000;\"><strong>\u2666<\/strong> <\/span>Ba\u011f\u0131ms\u0131z denetim hizmetimiz, Finansal tablolar\u0131n denetimini Uluslararas\u0131 Finansal Raporlama \u0130lkeleri, TFRS ve BOB\u0130FRS ile uyumlu bir \u015fekilde ba\u011f\u0131ms\u0131zl\u0131k ilkesinden \u00f6d\u00fcn vermeden y\u00fcr\u00fct\u00fclmektedir&#8230;..<\/p>\n<p>[\/vc_column_text][vc_empty_space height=&#8221;10px&#8221;][vc_column_text css=&#8221;.vc_custom_1650283690978{padding-left: 20px !important;}&#8221;]<\/p>\n<h6><span style=\"color: #000080;\"><a style=\"color: #000080;\" href=\"https:\/\/www.antalya-uyum.com.tr\/?page_id=384\">Daha Fazla &#8230;..<\/a><\/span><\/h6>\n<p>[\/vc_column_text][\/qode_elements_holder_item][\/qode_elements_holder][\/vc_column][\/vc_row]<\/p>\n","protected":false},"excerpt":{"rendered":"<p>[vc_row css_animation=&#8221;element_from_left&#8221; row_type=&#8221;row&#8221; use_row_as_full_screen_section=&#8221;no&#8221; type=&#8221;grid&#8221; angled_section=&#8221;no&#8221; text_align=&#8221;left&#8221; background_image_as_pattern=&#8221;without_pattern&#8221; css=&#8221;.vc_custom_1615829443594{padding-top: 4.4% !important;padding-bottom: 7.1% !important;}&#8221; z_index=&#8221;&#8221;][vc_column][qode_elements_holder number_of_columns=&#8221;two_columns&#8221;][qode_elements_holder_item vertical_alignment=&#8221;middle&#8221; advanced_animations=&#8221;no&#8221; item_padding=&#8221;11% 0% 0% 0%&#8221; item_padding_1024_1280=&#8221;12% 0% 0% 0%&#8221; item_padding_768_1024=&#8221;12% 0% 0% 0%&#8221; item_padding_600_768=&#8221;4% 0% 0% 0%&#8221; item_padding_480_600=&#8221;4% 0% 0% 0%&#8221; item_padding_480=&#8221;4% 0% 0% 0%&#8221;][vc_column_text] YEM\u0130NL\u0130 MAL\u0130 M\u00dc\u015eAV\u0130RL\u0130K, VERG\u0130&#8230;<\/p>\n","protected":false},"author":2,"featured_media":0,"parent":0,"menu_order":0,"comment_status":"closed","ping_status":"closed","template":"full_width.php","meta":{"footnotes":""},"class_list":["post-591","page","type-page","status-publish","hentry"],"_links":{"self":[{"href":"https:\/\/www.antalya-uyum.com.tr\/index.php?rest_route=\/wp\/v2\/pages\/591","targetHints":{"allow":["GET"]}}],"collection":[{"href":"https:\/\/www.antalya-uyum.com.tr\/index.php?rest_route=\/wp\/v2\/pages"}],"about":[{"href":"https:\/\/www.antalya-uyum.com.tr\/index.php?rest_route=\/wp\/v2\/types\/page"}],"author":[{"embeddable":true,"href":"https:\/\/www.antalya-uyum.com.tr\/index.php?rest_route=\/wp\/v2\/users\/2"}],"replies":[{"embeddable":true,"href":"https:\/\/www.antalya-uyum.com.tr\/index.php?rest_route=%2Fwp%2Fv2%2Fcomments&post=591"}],"version-history":[{"count":11,"href":"https:\/\/www.antalya-uyum.com.tr\/index.php?rest_route=\/wp\/v2\/pages\/591\/revisions"}],"predecessor-version":[{"id":613,"href":"https:\/\/www.antalya-uyum.com.tr\/index.php?rest_route=\/wp\/v2\/pages\/591\/revisions\/613"}],"wp:attachment":[{"href":"https:\/\/www.antalya-uyum.com.tr\/index.php?rest_route=%2Fwp%2Fv2%2Fmedia&parent=591"}],"curies":[{"name":"wp","href":"https:\/\/api.w.org\/{rel}","templated":true}]}}